{"id":113,"date":"2022-10-26T19:17:30","date_gmt":"2022-10-26T16:17:30","guid":{"rendered":"https:\/\/www.cukurovainsaatyapi.com\/?page_id=113"},"modified":"2022-10-27T15:03:18","modified_gmt":"2022-10-27T12:03:18","slug":"urunlerimiz","status":"publish","type":"page","link":"https:\/\/www.cukurovainsaatyapi.com\/en\/urunlerimiz\/","title":{"rendered":"Our Products"},"content":{"rendered":"\t\t<div data-elementor-type=\"wp-page\" data-elementor-id=\"113\" class=\"elementor elementor-113\" data-elementor-settings=\"[]\">\n\t\t\t\t\t\t\t<div class=\"elementor-section-wrap\">\n\t\t\t\t\t\t\t<section class=\"elementor-section elementor-top-section elementor-element elementor-element-b999d3d elementor-section-boxed elementor-section-height-default elementor-section-height-default\" data-id=\"b999d3d\" data-element_type=\"section\">\n\t\t\t\t\t\t<div class=\"elementor-container elementor-column-gap-default\">\n\t\t\t\t\t<div class=\"elementor-column elementor-col-100 elementor-top-column elementor-element elementor-element-43ed244\" data-id=\"43ed244\" data-element_type=\"column\">\n\t\t\t<div class=\"elementor-widget-wrap elementor-element-populated\">\n\t\t\t\t\t\t\t\t<div class=\"elementor-element elementor-element-207141b elementor-widget elementor-widget-heading\" data-id=\"207141b\" data-element_type=\"widget\" data-widget_type=\"heading.default\">\n\t\t\t\t<div class=\"elementor-widget-container\">\n\t\t\t<h2 class=\"elementor-heading-title elementor-size-default\">\u00dcR\u00dcNLER\u0130M\u0130Z<\/h2>\t\t<\/div>\n\t\t\t\t<\/div>\n\t\t\t\t<div class=\"elementor-element elementor-element-76b8262 elementor-widget elementor-widget-text-editor\" data-id=\"76b8262\" data-element_type=\"widget\" data-widget_type=\"text-editor.default\">\n\t\t\t\t<div class=\"elementor-widget-container\">\n\t\t\t\t\t<div class=\"elementor-text-editor elementor-clearfix\"><div class=\"s-heading\"><p>\u0130\u015fte Size Sa\u011flad\u0131\u011f\u0131m\u0131z Baz\u0131 Hizmetler<\/p><\/div><\/div>\n\t\t\t\t<\/div>\n\t\t\t\t<\/div>\n\t\t\t\t<section class=\"elementor-section elementor-inner-section elementor-element elementor-element-24dbc8e elementor-section-boxed elementor-section-height-default elementor-section-height-default\" data-id=\"24dbc8e\" data-element_type=\"section\">\n\t\t\t\t\t\t<div class=\"elementor-container elementor-column-gap-default\">\n\t\t\t\t\t<div class=\"elementor-column elementor-col-33 elementor-inner-column elementor-element elementor-element-fa00755\" data-id=\"fa00755\" data-element_type=\"column\">\n\t\t\t<div class=\"elementor-widget-wrap elementor-element-populated\">\n\t\t\t\t\t\t\t\t<div class=\"elementor-element elementor-element-5bfa930 elementor-position-top elementor-vertical-align-top elementor-widget elementor-widget-image-box\" data-id=\"5bfa930\" data-element_type=\"widget\" data-widget_type=\"image-box.default\">\n\t\t\t\t<div class=\"elementor-widget-container\">\n\t\t\t<div class=\"elementor-image-box-wrapper\"><figure class=\"elementor-image-box-img\"><a href=\"https:\/\/www.cukurovainsaatyapi.com\/yapi-kimyasallari\/\"><img loading=\"lazy\" decoding=\"async\" width=\"1536\" height=\"1024\" src=\"https:\/\/www.cukurovainsaatyapi.com\/en\/wp-content\/uploads\/2022\/10\/s1.jpg\" class=\"attachment-full size-full\" alt=\"\" srcset=\"https:\/\/www.cukurovainsaatyapi.com\/en\/wp-content\/uploads\/2022\/10\/s1.jpg 1536w, https:\/\/www.cukurovainsaatyapi.com\/en\/wp-content\/uploads\/2022\/10\/s1-300x200.jpg 300w, https:\/\/www.cukurovainsaatyapi.com\/en\/wp-content\/uploads\/2022\/10\/s1-1024x683.jpg 1024w, https:\/\/www.cukurovainsaatyapi.com\/en\/wp-content\/uploads\/2022\/10\/s1-768x512.jpg 768w\" sizes=\"auto, (max-width: 1536px) 100vw, 1536px\" \/><\/a><\/figure><div class=\"elementor-image-box-content\"><h3 class=\"elementor-image-box-title\"><a href=\"https:\/\/www.cukurovainsaatyapi.com\/yapi-kimyasallari\/\">Yap\u0131 Kimyasallar\u0131<\/a><\/h3><p class=\"elementor-image-box-description\">SU YALITIMI<br>\nZEM\u0130N D\u00dcZELTME<br>\nZEM\u0130N KAPLAMA<\/p><\/div><\/div>\t\t<\/div>\n\t\t\t\t<\/div>\n\t\t\t\t\t<\/div>\n\t\t<\/div>\n\t\t\t\t<div class=\"elementor-column elementor-col-33 elementor-inner-column elementor-element elementor-element-4816fbd\" data-id=\"4816fbd\" data-element_type=\"column\">\n\t\t\t<div class=\"elementor-widget-wrap elementor-element-populated\">\n\t\t\t\t\t\t\t\t<div class=\"elementor-element elementor-element-c279fda elementor-position-top elementor-vertical-align-top elementor-widget elementor-widget-image-box\" data-id=\"c279fda\" data-element_type=\"widget\" data-widget_type=\"image-box.default\">\n\t\t\t\t<div class=\"elementor-widget-container\">\n\t\t\t<div class=\"elementor-image-box-wrapper\"><figure class=\"elementor-image-box-img\"><a href=\"https:\/\/www.cukurovainsaatyapi.com\/fiber-donati\/\"><img loading=\"lazy\" decoding=\"async\" width=\"470\" height=\"312\" src=\"https:\/\/www.cukurovainsaatyapi.com\/en\/wp-content\/uploads\/2022\/10\/s2.png\" class=\"attachment-full size-full\" alt=\"\" srcset=\"https:\/\/www.cukurovainsaatyapi.com\/en\/wp-content\/uploads\/2022\/10\/s2.png 470w, https:\/\/www.cukurovainsaatyapi.com\/en\/wp-content\/uploads\/2022\/10\/s2-300x199.png 300w\" sizes=\"auto, (max-width: 470px) 100vw, 470px\" \/><\/a><\/figure><div class=\"elementor-image-box-content\"><h3 class=\"elementor-image-box-title\"><a href=\"https:\/\/www.cukurovainsaatyapi.com\/fiber-donati\/\">Fiber Donat\u0131<\/a><\/h3><p class=\"elementor-image-box-description\">Polytwist PT 54<br>\nPolimacro PM 54<br>\nMicro Sentetik Fiber Donat\u0131<br>\nMicro Sentetik Fiber Elyaf<br><\/p><\/div><\/div>\t\t<\/div>\n\t\t\t\t<\/div>\n\t\t\t\t\t<\/div>\n\t\t<\/div>\n\t\t\t\t<div class=\"elementor-column elementor-col-33 elementor-inner-column elementor-element elementor-element-ec0970c\" data-id=\"ec0970c\" data-element_type=\"column\">\n\t\t\t<div class=\"elementor-widget-wrap elementor-element-populated\">\n\t\t\t\t\t\t\t\t<div class=\"elementor-element elementor-element-132cc07 elementor-position-top elementor-vertical-align-top elementor-widget elementor-widget-image-box\" data-id=\"132cc07\" data-element_type=\"widget\" data-widget_type=\"image-box.default\">\n\t\t\t\t<div class=\"elementor-widget-container\">\n\t\t\t<div class=\"elementor-image-box-wrapper\"><figure class=\"elementor-image-box-img\"><a href=\"#\"><img loading=\"lazy\" decoding=\"async\" width=\"1504\" height=\"900\" src=\"https:\/\/www.cukurovainsaatyapi.com\/en\/wp-content\/uploads\/2022\/10\/s3.jpg\" class=\"attachment-full size-full\" alt=\"\" srcset=\"https:\/\/www.cukurovainsaatyapi.com\/en\/wp-content\/uploads\/2022\/10\/s3.jpg 1504w, https:\/\/www.cukurovainsaatyapi.com\/en\/wp-content\/uploads\/2022\/10\/s3-300x180.jpg 300w, https:\/\/www.cukurovainsaatyapi.com\/en\/wp-content\/uploads\/2022\/10\/s3-1024x613.jpg 1024w, https:\/\/www.cukurovainsaatyapi.com\/en\/wp-content\/uploads\/2022\/10\/s3-768x460.jpg 768w\" sizes=\"auto, (max-width: 1504px) 100vw, 1504px\" \/><\/a><\/figure><div class=\"elementor-image-box-content\"><h3 class=\"elementor-image-box-title\"><a href=\"#\">Kompozit Donat\u0131<\/a><\/h3><p class=\"elementor-image-box-description\">Kompozit Donat\u0131<br>\nKompozit Has\u0131rlar<\/p><\/div><\/div>\t\t<\/div>\n\t\t\t\t<\/div>\n\t\t\t\t\t<\/div>\n\t\t<\/div>\n\t\t\t\t\t\t\t<\/div>\n\t\t<\/section>\n\t\t\t\t\t<\/div>\n\t\t<\/div>\n\t\t\t\t\t\t\t<\/div>\n\t\t<\/section>\n\t\t\t\t\t\t<\/div>\n\t\t\t\t\t<\/div>\n\t\t","protected":false},"excerpt":{"rendered":"<p>\u00dcR\u00dcNLER\u0130M\u0130Z \u0130\u015fte Size Sa\u011flad\u0131\u011f\u0131m\u0131z Baz\u0131 Hizmetler Yap\u0131 Kimyasallar\u0131 SU YALITIMI ZEM\u0130N D\u00dcZELTME ZEM\u0130N KAPLAMA Fiber Donat\u0131 Polytwist PT 54 Polimacro PM 54 Micro Sentetik Fiber Donat\u0131 Micro Sentetik Fiber Elyaf Kompozit Donat\u0131 Kompozit Donat\u0131 Kompozit Has\u0131rlar<\/p>\n","protected":false},"author":1,"featured_media":0,"parent":0,"menu_order":0,"comment_status":"closed","ping_status":"closed","template":"","meta":{"footnotes":""},"class_list":["post-113","page","type-page","status-publish","hentry"],"_links":{"self":[{"href":"https:\/\/www.cukurovainsaatyapi.com\/en\/wp-json\/wp\/v2\/pages\/113","targetHints":{"allow":["GET"]}}],"collection":[{"href":"https:\/\/www.cukurovainsaatyapi.com\/en\/wp-json\/wp\/v2\/pages"}],"about":[{"href":"https:\/\/www.cukurovainsaatyapi.com\/en\/wp-json\/wp\/v2\/types\/page"}],"author":[{"embeddable":true,"href":"https:\/\/www.cukurovainsaatyapi.com\/en\/wp-json\/wp\/v2\/users\/1"}],"replies":[{"embeddable":true,"href":"https:\/\/www.cukurovainsaatyapi.com\/en\/wp-json\/wp\/v2\/comments?post=113"}],"version-history":[{"count":8,"href":"https:\/\/www.cukurovainsaatyapi.com\/en\/wp-json\/wp\/v2\/pages\/113\/revisions"}],"predecessor-version":[{"id":225,"href":"https:\/\/www.cukurovainsaatyapi.com\/en\/wp-json\/wp\/v2\/pages\/113\/revisions\/225"}],"wp:attachment":[{"href":"https:\/\/www.cukurovainsaatyapi.com\/en\/wp-json\/wp\/v2\/media?parent=113"}],"curies":[{"name":"wp","href":"https:\/\/api.w.org\/{rel}","templated":true}]}}